{"id":776,"date":"2024-11-22T17:30:54","date_gmt":"2024-11-22T17:30:54","guid":{"rendered":"https:\/\/feed4justice.ces.uc.pt\/?page_id=776"},"modified":"2025-04-01T11:50:33","modified_gmt":"2025-04-01T11:50:33","slug":"776-2","status":"publish","type":"page","link":"https:\/\/feed4justice.ces.uc.pt\/?page_id=776","title":{"rendered":""},"content":{"rendered":"\n<figure class=\"wp-block-pullquote alignfull\"><blockquote><p><strong>Portugal<\/strong><\/p><\/blockquote><\/figure>\n\n\n\n<div class=\"wp-block-group alignwide is-layout-grid wp-container-core-group-is-layout-478b6e6b wp-block-group-is-layout-grid\">\n<figure class=\"wp-block-embed is-type-video is-provider-youtube wp-block-embed-youtube wp-embed-aspect-16-9 wp-has-aspect-ratio wp-container-content-5f80b302\"><div class=\"wp-block-embed__wrapper\">\n<iframe loading=\"lazy\" title=\"Rosa Dias, Castro Marim, Faro\" width=\"500\" height=\"281\" src=\"https:\/\/www.youtube.com\/embed\/rkG8dd9TIKw?feature=oembed\" frameborder=\"0\" allow=\"accelerometer; autoplay; clipboard-write; encrypted-media; gyroscope; picture-in-picture; web-share\" referrerpolicy=\"strict-origin-when-cross-origin\" allowfullscreen><\/iframe>\n<\/div><\/figure>\n\n\n\n<figure class=\"wp-block-embed is-type-video is-provider-youtube wp-block-embed-youtube wp-embed-aspect-16-9 wp-has-aspect-ratio wp-container-content-5f80b302\"><div class=\"wp-block-embed__wrapper\">\n<iframe loading=\"lazy\" title=\"Ana Rita Sousa, S. Lu\u00eds, Odemira, Beja\" width=\"500\" height=\"281\" src=\"https:\/\/www.youtube.com\/embed\/-8X6JbT31Bk?feature=oembed\" frameborder=\"0\" allow=\"accelerometer; autoplay; clipboard-write; encrypted-media; gyroscope; picture-in-picture; web-share\" referrerpolicy=\"strict-origin-when-cross-origin\" allowfullscreen><\/iframe>\n<\/div><\/figure>\n\n\n\n<figure class=\"wp-block-embed is-type-video is-provider-youtube wp-block-embed-youtube wp-embed-aspect-16-9 wp-has-aspect-ratio wp-container-content-5f80b302\"><div class=\"wp-block-embed__wrapper\">\n<iframe loading=\"lazy\" title=\"Carmen Staats, Lous\u00e3, Coimbra\" width=\"500\" height=\"281\" src=\"https:\/\/www.youtube.com\/embed\/8hP3eUPK3ng?feature=oembed\" frameborder=\"0\" allow=\"accelerometer; autoplay; clipboard-write; encrypted-media; gyroscope; picture-in-picture; web-share\" referrerpolicy=\"strict-origin-when-cross-origin\" allowfullscreen><\/iframe>\n<\/div><\/figure>\n\n\n\n<figure class=\"wp-block-embed is-type-video is-provider-youtube wp-block-embed-youtube wp-embed-aspect-16-9 wp-has-aspect-ratio wp-container-content-5f80b302\"><div class=\"wp-block-embed__wrapper\">\n<iframe loading=\"lazy\" title=\"Aurora Silva, Covelinhas, S. Pedro do Sul, Viseu\" width=\"500\" height=\"281\" src=\"https:\/\/www.youtube.com\/embed\/mUqzGIaaDVE?feature=oembed\" frameborder=\"0\" allow=\"accelerometer; autoplay; clipboard-write; encrypted-media; gyroscope; picture-in-picture; web-share\" referrerpolicy=\"strict-origin-when-cross-origin\" allowfullscreen><\/iframe>\n<\/div><\/figure>\n\n\n\n<figure class=\"wp-block-embed is-type-video is-provider-youtube wp-block-embed-youtube wp-embed-aspect-16-9 wp-has-aspect-ratio wp-container-content-5f80b302\"><div class=\"wp-block-embed__wrapper\">\n<iframe loading=\"lazy\" title=\"F\u00e1tima Costa, P\u00f3voa do Concelho, Trancoso, Guarda\" width=\"500\" height=\"281\" src=\"https:\/\/www.youtube.com\/embed\/U-ph7noBxoM?feature=oembed\" frameborder=\"0\" allow=\"accelerometer; autoplay; clipboard-write; encrypted-media; gyroscope; picture-in-picture; web-share\" referrerpolicy=\"strict-origin-when-cross-origin\" allowfullscreen><\/iframe>\n<\/div><\/figure>\n\n\n\n<figure class=\"wp-block-embed is-type-video is-provider-youtube wp-block-embed-youtube wp-embed-aspect-16-9 wp-has-aspect-ratio wp-container-content-5f80b302\"><div class=\"wp-block-embed__wrapper\">\n<iframe loading=\"lazy\" title=\"Paula Serrano, Algeruz, Palmela, Set\u00fabal\" width=\"500\" height=\"281\" src=\"https:\/\/www.youtube.com\/embed\/JUhxRCus2bw?feature=oembed\" frameborder=\"0\" allow=\"accelerometer; autoplay; clipboard-write; encrypted-media; gyroscope; picture-in-picture; web-share\" referrerpolicy=\"strict-origin-when-cross-origin\" allowfullscreen><\/iframe>\n<\/div><\/figure>\n\n\n\n<figure class=\"wp-block-embed is-type-video is-provider-youtube wp-block-embed-youtube wp-embed-aspect-16-9 wp-has-aspect-ratio wp-container-content-5f80b302\"><div class=\"wp-block-embed__wrapper\">\n<iframe loading=\"lazy\" title=\"Fernanda Mateus, Raba\u00e7as, Oleiros, Castelo Branco\" width=\"500\" height=\"281\" src=\"https:\/\/www.youtube.com\/embed\/r5tx7LUe6Vo?feature=oembed\" frameborder=\"0\" allow=\"accelerometer; autoplay; clipboard-write; encrypted-media; gyroscope; picture-in-picture; web-share\" referrerpolicy=\"strict-origin-when-cross-origin\" allowfullscreen><\/iframe>\n<\/div><\/figure>\n\n\n\n<figure class=\"wp-block-embed is-type-video is-provider-youtube wp-block-embed-youtube wp-embed-aspect-16-9 wp-has-aspect-ratio wp-container-content-5f80b302\"><div class=\"wp-block-embed__wrapper\">\n<iframe loading=\"lazy\" title=\"Eunice Tavares, Vila Real\" width=\"500\" height=\"281\" src=\"https:\/\/www.youtube.com\/embed\/kGyC1Nwa2zg?feature=oembed\" frameborder=\"0\" allow=\"accelerometer; autoplay; clipboard-write; encrypted-media; gyroscope; picture-in-picture; web-share\" referrerpolicy=\"strict-origin-when-cross-origin\" allowfullscreen><\/iframe>\n<\/div><\/figure>\n\n\n\n<figure class=\"wp-block-embed is-type-video is-provider-youtube wp-block-embed-youtube wp-embed-aspect-16-9 wp-has-aspect-ratio wp-container-content-5f80b302\"><div class=\"wp-block-embed__wrapper\">\n<iframe loading=\"lazy\" title=\"Maria da Visita\u00e7\u00e3o, Aiana de Cima, Sesimbra, Set\u00fabal\" width=\"500\" height=\"281\" src=\"https:\/\/www.youtube.com\/embed\/FYqI2KVFHiM?feature=oembed\" frameborder=\"0\" allow=\"accelerometer; autoplay; clipboard-write; encrypted-media; gyroscope; picture-in-picture; web-share\" referrerpolicy=\"strict-origin-when-cross-origin\" allowfullscreen><\/iframe>\n<\/div><\/figure>\n<\/div>\n\n\n\n<figure class=\"wp-block-pullquote alignfull\"><blockquote><p><strong>Galiza<\/strong><\/p><\/blockquote><\/figure>\n\n\n\n<div class=\"wp-block-group alignwide is-layout-grid wp-container-core-group-is-layout-478b6e6b wp-block-group-is-layout-grid\">\n<figure class=\"wp-block-embed is-type-video is-provider-youtube wp-block-embed-youtube wp-embed-aspect-16-9 wp-has-aspect-ratio wp-container-content-5f80b302\"><div class=\"wp-block-embed__wrapper\">\n<iframe loading=\"lazy\" title=\"Natalia Varela, Laxe, Palas de Rei (Lugo)\" width=\"500\" height=\"281\" src=\"https:\/\/www.youtube.com\/embed\/R2VfJiarlTk?feature=oembed\" frameborder=\"0\" allow=\"accelerometer; autoplay; clipboard-write; encrypted-media; gyroscope; picture-in-picture; web-share\" referrerpolicy=\"strict-origin-when-cross-origin\" allowfullscreen><\/iframe>\n<\/div><\/figure>\n\n\n\n<figure class=\"wp-block-embed is-type-video is-provider-youtube wp-block-embed-youtube wp-embed-aspect-16-9 wp-has-aspect-ratio wp-container-content-5f80b302\"><div class=\"wp-block-embed__wrapper\">\n<iframe loading=\"lazy\" title=\"Raquel Garcia, Dorda\u00f1o, Oza-Cesuras (A Coru\u00f1a)\" width=\"500\" height=\"281\" src=\"https:\/\/www.youtube.com\/embed\/DN85A-QariY?feature=oembed\" frameborder=\"0\" allow=\"accelerometer; autoplay; clipboard-write; encrypted-media; gyroscope; picture-in-picture; web-share\" referrerpolicy=\"strict-origin-when-cross-origin\" allowfullscreen><\/iframe>\n<\/div><\/figure>\n\n\n\n<figure class=\"wp-block-embed is-type-video is-provider-youtube wp-block-embed-youtube wp-embed-aspect-16-9 wp-has-aspect-ratio wp-container-content-5f80b302\"><div class=\"wp-block-embed__wrapper\">\n<iframe loading=\"lazy\" title=\"Mar\u00eda Jos\u00e9 Tallon, Silleda, Pontevedra\" width=\"500\" height=\"281\" src=\"https:\/\/www.youtube.com\/embed\/IfwxPAz58Tg?feature=oembed\" frameborder=\"0\" allow=\"accelerometer; autoplay; clipboard-write; encrypted-media; gyroscope; picture-in-picture; web-share\" referrerpolicy=\"strict-origin-when-cross-origin\" allowfullscreen><\/iframe>\n<\/div><\/figure>\n\n\n\n<figure class=\"wp-block-embed is-type-video is-provider-youtube wp-block-embed-youtube wp-embed-aspect-16-9 wp-has-aspect-ratio wp-container-content-5f80b302\"><div class=\"wp-block-embed__wrapper\">\n<iframe loading=\"lazy\" title=\"Iolanda Otero, Mos (Pontevedra)\" width=\"500\" height=\"281\" src=\"https:\/\/www.youtube.com\/embed\/vofAhV2fcQ4?feature=oembed\" frameborder=\"0\" allow=\"accelerometer; autoplay; clipboard-write; encrypted-media; gyroscope; picture-in-picture; web-share\" referrerpolicy=\"strict-origin-when-cross-origin\" allowfullscreen><\/iframe>\n<\/div><\/figure>\n\n\n\n<figure class=\"wp-block-embed is-type-video is-provider-youtube wp-block-embed-youtube wp-embed-aspect-16-9 wp-has-aspect-ratio wp-container-content-5f80b302\"><div class=\"wp-block-embed__wrapper\">\n<iframe loading=\"lazy\" title=\"Concha Blanco, Castro, Carballedo, Lugo\" width=\"500\" height=\"281\" src=\"https:\/\/www.youtube.com\/embed\/wVWBE_YR4VA?feature=oembed\" frameborder=\"0\" allow=\"accelerometer; autoplay; clipboard-write; encrypted-media; gyroscope; picture-in-picture; web-share\" referrerpolicy=\"strict-origin-when-cross-origin\" allowfullscreen><\/iframe>\n<\/div><\/figure>\n\n\n\n<figure class=\"wp-block-embed is-type-video is-provider-youtube wp-block-embed-youtube wp-embed-aspect-16-9 wp-has-aspect-ratio wp-container-content-5f80b302\"><div class=\"wp-block-embed__wrapper\">\n<iframe loading=\"lazy\" title=\"Carmen S\u00e1nchez, Esteiro, Muros (A Coru\u00f1a)\" width=\"500\" height=\"281\" src=\"https:\/\/www.youtube.com\/embed\/w9xHSai3MgU?feature=oembed\" frameborder=\"0\" allow=\"accelerometer; autoplay; clipboard-write; encrypted-media; gyroscope; picture-in-picture; web-share\" referrerpolicy=\"strict-origin-when-cross-origin\" allowfullscreen><\/iframe>\n<\/div><\/figure>\n<\/div>\n\n\n\n<div class=\"wp-block-buttons alignwide is-content-justification-right is-layout-flex wp-container-core-buttons-is-layout-d445cf74 wp-block-buttons-is-layout-flex\">\n<div class=\"wp-block-button\"><a class=\"wp-block-button__link wp-element-button\" href=\"https:\/\/feed4justice.ces.uc.pt\/?page_id=414\">Voltar atr\u00e1s<\/a><\/div>\n<\/div>\n","protected":false},"excerpt":{"rendered":"<p>Portugal Galiza<\/p>\n","protected":false},"author":2,"featured_media":0,"parent":0,"menu_order":0,"comment_status":"closed","ping_status":"closed","template":"","meta":{"footnotes":""},"class_list":["post-776","page","type-page","status-publish","hentry"],"_links":{"self":[{"href":"https:\/\/feed4justice.ces.uc.pt\/index.php?rest_route=\/wp\/v2\/pages\/776","targetHints":{"allow":["GET"]}}],"collection":[{"href":"https:\/\/feed4justice.ces.uc.pt\/index.php?rest_route=\/wp\/v2\/pages"}],"about":[{"href":"https:\/\/feed4justice.ces.uc.pt\/index.php?rest_route=\/wp\/v2\/types\/page"}],"author":[{"embeddable":true,"href":"https:\/\/feed4justice.ces.uc.pt\/index.php?rest_route=\/wp\/v2\/users\/2"}],"replies":[{"embeddable":true,"href":"https:\/\/feed4justice.ces.uc.pt\/index.php?rest_route=%2Fwp%2Fv2%2Fcomments&post=776"}],"version-history":[{"count":14,"href":"https:\/\/feed4justice.ces.uc.pt\/index.php?rest_route=\/wp\/v2\/pages\/776\/revisions"}],"predecessor-version":[{"id":1693,"href":"https:\/\/feed4justice.ces.uc.pt\/index.php?rest_route=\/wp\/v2\/pages\/776\/revisions\/1693"}],"wp:attachment":[{"href":"https:\/\/feed4justice.ces.uc.pt\/index.php?rest_route=%2Fwp%2Fv2%2Fmedia&parent=776"}],"curies":[{"name":"wp","href":"https:\/\/api.w.org\/{rel}","templated":true}]}}